{"id":1144,"date":"2020-10-25T20:00:08","date_gmt":"2020-10-25T20:00:08","guid":{"rendered":"http:\/\/avepb.pt\/cp\/?page_id=1144"},"modified":"2024-02-08T10:37:16","modified_gmt":"2024-02-08T10:37:16","slug":"eqavet-documentos","status":"publish","type":"page","link":"https:\/\/avepb.pt\/cp\/garantia-da-qualidade-eqavet\/eqavet-documentos\/","title":{"rendered":"Documentos"},"content":{"rendered":"\n<h2>Documento Base<\/h2>\n\n\n\n<p>Defini\u00e7\u00e3o da miss\u00e3o, vis\u00e3o e valores do Agrupamento de Escolas de Ponte da Barca, bem como objetivos, estrat\u00e9gias e metas a atingir no \u00e2mbito da implementa\u00e7\u00e3o do Sistema de Garantia da Qualidade. Enfoque, ainda, na identifica\u00e7\u00e3o de stakeholders e responsabilidades atribu\u00eddas no \u00e2mbito deste sistema, bem como defini\u00e7\u00e3o de indicadores em uso, estrat\u00e9gia de monitoriza\u00e7\u00e3o e an\u00e1lise integrada de resultados.<\/p>\n\n\n\n<ul><li><a rel=\"noreferrer noopener\" href=\"http:\/\/avepb.pt\/cp\/wp-content\/uploads\/2020\/10\/Documento-Base_A_E_Ponte-da-Barca.pdf\" data-type=\"URL\" data-id=\"http:\/\/avepb.pt\/cp\/wp-content\/uploads\/2020\/10\/Documento-Base_A_E_Ponte-da-Barca.pdf\" target=\"_blank\">Documento Base<\/a><\/li><\/ul>\n\n\n\n<div style=\"height:30px\" aria-hidden=\"true\" class=\"wp-block-spacer\"><\/div>\n\n\n\n<h2>Plano de A\u00e7\u00e3o<\/h2>\n\n\n\n<p>Calendariza\u00e7\u00e3o de atividades, respons\u00e1veis pela implementa\u00e7\u00e3o e monitoriza\u00e7\u00e3o do Sistema de Garantia da Qualidade, recursos necess\u00e1rios e resultados esperados.<\/p>\n\n\n\n<ul><li><a rel=\"noreferrer noopener\" href=\"http:\/\/avepb.pt\/cp\/wp-content\/uploads\/2020\/10\/Plano-Acao-EQAVET_A_E_Ponte-da-Barca.pdf\" target=\"_blank\">Plano de A\u00e7\u00e3o<\/a><\/li><\/ul>\n\n\n\n<div style=\"height:30px\" aria-hidden=\"true\" class=\"wp-block-spacer\"><\/div>\n\n\n\n<h2>Relat\u00f3rio de Operador<\/h2>\n\n\n\n<p>Este documento inclui as seguintes componentes:<\/p>\n\n\n\n<p>&#8211; Apresenta\u00e7\u00e3o da institui\u00e7\u00e3o e da sua situa\u00e7\u00e3o face \u00e0 garantia da qualidade;<br>&#8211; Gest\u00e3o da oferta de EFP considerando os princ\u00edpios EQAVET;<br>&#8211; Apresenta\u00e7\u00e3o das mudan\u00e7as resultantes do alinhamento do sistema de garantia da qualidade com o Quadro EQAVET.<\/p>\n\n\n\n<p>Do Relat\u00f3rio do Operador fazem parte integrante dois anexos:<\/p>\n\n\n\n<p>&#8211; Plano de melhoria;<br>&#8211; Fontes de evid\u00eancia do cumprimento dos crit\u00e9rios de conformidade EQAVET.<\/p>\n\n\n\n<ul><li><a rel=\"noreferrer noopener\" href=\"https:\/\/drive.google.com\/file\/d\/13i3EkSOHF4c9oFwtmjMi9AMJMQ5WIbo4\/view?usp=sharing\" target=\"_blank\">Relat\u00f3rio do Operador<\/a><\/li><\/ul>\n\n\n\n<div style=\"height:30px\" aria-hidden=\"true\" class=\"wp-block-spacer\"><\/div>\n\n\n\n<h2>Relat\u00f3rios de Progresso Anual<\/h2>\n\n\n\n<ul id=\"block-94e3fa9e-3cb4-456c-90f5-11e05828f854\"><li><a rel=\"noreferrer noopener\" href=\"https:\/\/avepb.pt\/cp\/wp-content\/uploads\/2024\/02\/relatorio-de-progresso-anual-2022.pdf\" target=\"_blank\">Relat\u00f3rio de Progresso Anual (Fevereiro de 2022)<\/a><\/li><li><a rel=\"noreferrer noopener\" href=\"https:\/\/avepb.pt\/cp\/wp-content\/uploads\/2024\/02\/relatorio-de-progresso-anual-2023.pdf\" target=\"_blank\">Relat\u00f3rio de Progresso Anual (Fevereiro de 2023)<\/a><\/li><li><a rel=\"noreferrer noopener\" href=\"https:\/\/avepb.pt\/cp\/wp-content\/uploads\/2024\/02\/relatorio-de-progresso-anual-2024.pdf\" target=\"_blank\">Relat\u00f3rio de Progresso Anual (Fevereiro de 2024)<\/a><\/li><\/ul>\n\n\n\n<div style=\"height:30px\" aria-hidden=\"true\" class=\"wp-block-spacer\"><\/div>\n\n\n\n<div style=\"height:30px\" aria-hidden=\"true\" class=\"wp-block-spacer\"><\/div>\n\n\n\n<hr class=\"wp-block-separator is-style-wide\"\/>\n\n\n\n<div class=\"wp-block-image\"><figure class=\"aligncenter size-full\"><img loading=\"lazy\" width=\"900\" height=\"50\" src=\"http:\/\/avepb.pt\/cp\/wp-content\/uploads\/2020\/09\/rodape_eqavet.jpg\" alt=\"\" class=\"wp-image-463\" srcset=\"https:\/\/avepb.pt\/cp\/wp-content\/uploads\/2020\/09\/rodape_eqavet.jpg 900w, https:\/\/avepb.pt\/cp\/wp-content\/uploads\/2020\/09\/rodape_eqavet-300x17.jpg 300w, https:\/\/avepb.pt\/cp\/wp-content\/uploads\/2020\/09\/rodape_eqavet-768x43.jpg 768w, https:\/\/avepb.pt\/cp\/wp-content\/uploads\/2020\/09\/rodape_eqavet-360x20.jpg 360w\" sizes=\"(max-width: 900px) 100vw, 900px\" \/><\/figure><\/div>\n","protected":false},"excerpt":{"rendered":"<p>Documento Base Defini\u00e7\u00e3o da miss\u00e3o, vis\u00e3o e valores do Agrupamento de Escolas de Ponte da Barca, bem como objetivos, estrat\u00e9gias e metas a atingir no \u00e2mbito da implementa\u00e7\u00e3o do Sistema de Garantia da Qualidade. Enfoque, ainda, na identifica\u00e7\u00e3o de stakeholders <a href=\"https:\/\/avepb.pt\/cp\/garantia-da-qualidade-eqavet\/eqavet-documentos\/\" class=\"read-more\">Ler mais &#8230;<\/a><\/p>\n","protected":false},"author":3,"featured_media":0,"parent":350,"menu_order":0,"comment_status":"closed","ping_status":"closed","template":"","meta":[],"_links":{"self":[{"href":"https:\/\/avepb.pt\/cp\/wp-json\/wp\/v2\/pages\/1144"}],"collection":[{"href":"https:\/\/avepb.pt\/cp\/wp-json\/wp\/v2\/pages"}],"about":[{"href":"https:\/\/avepb.pt\/cp\/wp-json\/wp\/v2\/types\/page"}],"author":[{"embeddable":true,"href":"https:\/\/avepb.pt\/cp\/wp-json\/wp\/v2\/users\/3"}],"replies":[{"embeddable":true,"href":"https:\/\/avepb.pt\/cp\/wp-json\/wp\/v2\/comments?post=1144"}],"version-history":[{"count":27,"href":"https:\/\/avepb.pt\/cp\/wp-json\/wp\/v2\/pages\/1144\/revisions"}],"predecessor-version":[{"id":1864,"href":"https:\/\/avepb.pt\/cp\/wp-json\/wp\/v2\/pages\/1144\/revisions\/1864"}],"up":[{"embeddable":true,"href":"https:\/\/avepb.pt\/cp\/wp-json\/wp\/v2\/pages\/350"}],"wp:attachment":[{"href":"https:\/\/avepb.pt\/cp\/wp-json\/wp\/v2\/media?parent=1144"}],"curies":[{"name":"wp","href":"https:\/\/api.w.org\/{rel}","templated":true}]}}