{"id":247,"date":"2020-09-07T22:29:17","date_gmt":"2020-09-07T22:29:17","guid":{"rendered":"http:\/\/avepb.pt\/cptm\/?page_id=247"},"modified":"2024-02-28T17:55:47","modified_gmt":"2024-02-28T17:55:47","slug":"certificacao","status":"publish","type":"page","link":"https:\/\/avepb.pt\/cp\/garantia-da-qualidade-eqavet\/certificacao\/","title":{"rendered":"Certifica\u00e7\u00e3o"},"content":{"rendered":"\n<figure class=\"wp-block-image size-large\"><img loading=\"lazy\" width=\"1024\" height=\"257\" src=\"https:\/\/avepb.pt\/cp\/wp-content\/uploads\/2021\/03\/AEPB-EQAVET-1024x257.png\" alt=\"\" class=\"wp-image-1491\" srcset=\"https:\/\/avepb.pt\/cp\/wp-content\/uploads\/2021\/03\/AEPB-EQAVET-1024x257.png 1024w, https:\/\/avepb.pt\/cp\/wp-content\/uploads\/2021\/03\/AEPB-EQAVET-300x75.png 300w, https:\/\/avepb.pt\/cp\/wp-content\/uploads\/2021\/03\/AEPB-EQAVET-768x193.png 768w, https:\/\/avepb.pt\/cp\/wp-content\/uploads\/2021\/03\/AEPB-EQAVET-360x90.png 360w, https:\/\/avepb.pt\/cp\/wp-content\/uploads\/2021\/03\/AEPB-EQAVET.png 1180w\" sizes=\"(max-width: 1024px) 100vw, 1024px\" \/><\/figure>\n\n\n\n<p>Ao Agrupamento de Escolas de Ponte da Barca foi novamente atribu\u00eddo o selo de qualidade EQAVET para 3 anos (prazo m\u00e1ximo poss\u00edvel).<\/p>\n\n\n\n<p>O selo de Conformidade EQAVET (Quadro de Refer\u00eancia Europeu de Garantia da Qualidade para o Ensino e a Forma\u00e7\u00e3o Profissionais) confere o reconhecimento pela excel\u00eancia do trabalho realizado no agrupamento ao longo dos \u00faltimos anos.<\/p>\n\n\n\n<p>No ano letivo 2023\/2024, ap\u00f3s auditoria novamente realizada por auditores externos, que decorreu no dia 15 de fevereiro de 2024, a certifica\u00e7\u00e3o foi renovada. Nesta auditoria foi analisado o trabalho desenvolvido nos tr\u00eas anos precedentes, que envolveu a participa\u00e7\u00e3o da Dire\u00e7\u00e3o, as estruturas de orienta\u00e7\u00e3o educativa e administrativa do Agrupamento, a equipa de autoavalia\u00e7\u00e3o, alunos, docentes, diretores de curso, colaboradores n\u00e3o docentes, encarregados de educa\u00e7\u00e3o, entidades empregadoras, institui\u00e7\u00f5es e empresas parceiras.<\/p>\n\n\n\n<p>Este selo EQAVET atribu\u00eddo reconhece e reflete a excel\u00eancia do trabalho realizado no Agrupamento de Escolas de Ponte da barca, na garantia de qualidade na educa\u00e7\u00e3o e forma\u00e7\u00e3o profissional, colocando \u00e0 disposi\u00e7\u00e3o das autoridades nacionais, europeias e dos operadores ferramentas comuns para a gest\u00e3o da qualidade, assentes numa forte articula\u00e7\u00e3o entre os diferentes stakeholders e no desenvolvimento, monitoriza\u00e7\u00e3o, avalia\u00e7\u00e3o e melhoria cont\u00ednua da efici\u00eancia da oferta.<\/p>\n\n\n\n<p>O Agrupamento acredita que esta certifica\u00e7\u00e3o ir\u00e1 contribuir para a consolida\u00e7\u00e3o dos seus processos de monitoriza\u00e7\u00e3o e avalia\u00e7\u00e3o, mas tamb\u00e9m de internacionaliza\u00e7\u00e3o, e refor\u00e7a o seu compromisso de continuar a trabalhar para garantir uma forma\u00e7\u00e3o de qualidade. O Agrupamento reconhece que a renova\u00e7\u00e3o do selo acresce responsabilidade de todos os atores educativos e acredita que ser\u00e1 capaz de melhorar, ainda mais, os processos!<\/p>\n\n\n\n<div style=\"height:60px\" aria-hidden=\"true\" class=\"wp-block-spacer\"><\/div>\n\n\n\n<h1>Processo de Certifica\u00e7\u00e3o<\/h1>\n\n\n\n<ul><li><a rel=\"noreferrer noopener\" href=\"http:\/\/avepb.pt\/cp\/wp-content\/uploads\/2020\/09\/Guia-para-o-Processo-de-Alinhamento-com-o-Quadro-EQAVET.pdf\" target=\"_blank\">Guia para o Processo de Alinhamento com o Quadro EQAVET<\/a><\/li><\/ul>\n\n\n\n<ul><li>Anexos:<ul><li><a rel=\"noreferrer noopener\" href=\"http:\/\/avepb.pt\/cp\/wp-content\/uploads\/2020\/11\/Anexo-1_Referencial-para-o-Alinhamento.pdf\" target=\"_blank\">Anexo 1 &#8211; Referencial para o alinhamento com o Quadro EQAVET<\/a><\/li><li><a rel=\"noreferrer noopener\" href=\"http:\/\/avepb.pt\/cp\/wp-content\/uploads\/2020\/11\/Anexo-2_Registo-dos-indicadores.pdf\" target=\"_blank\">Anexo 2 &#8211; Registo dos indicadores<\/a><\/li><li><a rel=\"noreferrer noopener\" href=\"http:\/\/avepb.pt\/cp\/wp-content\/uploads\/2020\/11\/Anexo-3_Documento-Base.pdf\" target=\"_blank\">Anexo 3 &#8211; Documento Base<\/a><\/li><li><a rel=\"noreferrer noopener\" href=\"http:\/\/avepb.pt\/cp\/wp-content\/uploads\/2020\/11\/Anexo-4_Plano-de-Acao.pdf\" target=\"_blank\">Anexo 4 &#8211; Plano de A\u00e7\u00e3o<\/a><\/li><li><a rel=\"noreferrer noopener\" href=\"http:\/\/avepb.pt\/cp\/wp-content\/uploads\/2020\/11\/Anexo-5_Relatorio-do-Operador.pdf\" target=\"_blank\">Anexo 5 &#8211; Relat\u00f3rio do Operador<\/a><\/li><li><a rel=\"noreferrer noopener\" href=\"http:\/\/avepb.pt\/cp\/wp-content\/uploads\/2020\/11\/Anexo-6_Relatorio-de-Progresso-Anual.pdf\" target=\"_blank\">Anexo 6 &#8211; Relat\u00f3rio de Progresso Anual<\/a><\/li><li><a rel=\"noreferrer noopener\" href=\"http:\/\/avepb.pt\/cp\/wp-content\/uploads\/2020\/11\/Anexo-7_Programa-e-intervenientes-na-visita.pdf\" target=\"_blank\">Anexo 7 &#8211; Programa e intervenientes na visita de verifica\u00e7\u00e3o de conformidade EQAVET<\/a><\/li><li><a rel=\"noreferrer noopener\" href=\"http:\/\/avepb.pt\/cp\/wp-content\/uploads\/2020\/11\/Anexo-8_Relatorio-de-Verificacao-EQAVET.pdf\" target=\"_blank\">Anexo 8 &#8211; Relat\u00f3rio Preliminar\/Final de Verifica\u00e7\u00e3o EQAVET<\/a><\/li><li><a rel=\"noreferrer noopener\" href=\"http:\/\/avepb.pt\/cp\/wp-content\/uploads\/2020\/11\/Anexo-9_Pronuncia-Relatorio-Preliminar-Verificacao-EQAVET.pdf\" target=\"_blank\">Anexo 9 &#8211; Pron\u00fancia sobre o Relat\u00f3rio Preliminar de Verifica\u00e7\u00e3o EQAVET<\/a><\/li><li><a rel=\"noreferrer noopener\" href=\"http:\/\/avepb.pt\/cp\/wp-content\/uploads\/2020\/11\/Anexo-10_Criterios-de-Conformidade-EQAVET.pdf\" target=\"_blank\">Anexo 10 &#8211; Crit\u00e9rios de conformidade EQAVET<\/a><\/li><\/ul><\/li><\/ul>\n\n\n\n<ul><li><a href=\"http:\/\/avepb.pt\/cp\/wp-content\/uploads\/2020\/11\/Building-Blocks-brochure-Portuguese.pdf\" target=\"_blank\" rel=\"noreferrer noopener\">Construir uma abordagem de garantia da qualidade em linha com o Quadro EQAVET<\/a><\/li><li><a href=\"http:\/\/avepb.pt\/cp\/wp-content\/uploads\/2020\/11\/Quality-Cycle-Poster-Portuguese.pdf\" target=\"_blank\" rel=\"noreferrer noopener\">O ciclo de qualidade<\/a><\/li><\/ul>\n\n\n\n<div style=\"height:30px\" aria-hidden=\"true\" class=\"wp-block-spacer\"><\/div>\n\n\n\n<hr class=\"wp-block-separator is-style-wide\"\/>\n\n\n\n<div class=\"wp-block-image\"><figure class=\"aligncenter size-full\"><img loading=\"lazy\" width=\"900\" height=\"50\" src=\"http:\/\/avepb.pt\/cp\/wp-content\/uploads\/2020\/09\/rodape_eqavet.jpg\" alt=\"\" class=\"wp-image-463\" srcset=\"https:\/\/avepb.pt\/cp\/wp-content\/uploads\/2020\/09\/rodape_eqavet.jpg 900w, https:\/\/avepb.pt\/cp\/wp-content\/uploads\/2020\/09\/rodape_eqavet-300x17.jpg 300w, https:\/\/avepb.pt\/cp\/wp-content\/uploads\/2020\/09\/rodape_eqavet-768x43.jpg 768w, https:\/\/avepb.pt\/cp\/wp-content\/uploads\/2020\/09\/rodape_eqavet-360x20.jpg 360w\" sizes=\"(max-width: 900px) 100vw, 900px\" \/><\/figure><\/div>\n","protected":false},"excerpt":{"rendered":"<p>Ao Agrupamento de Escolas de Ponte da Barca foi novamente atribu\u00eddo o selo de qualidade EQAVET para 3 anos (prazo m\u00e1ximo poss\u00edvel). (&#8230;) No ano letivo 2023\/2024, ap\u00f3s auditoria novamente realizada por auditores externos, que decorreu no dia 15 de fevereiro de 2024, a certifica\u00e7\u00e3o foi renovada. Nesta auditoria foi analisado o trabalho desenvolvido nos tr\u00eas anos precedentes, que envolveu a participa\u00e7\u00e3o da Dire\u00e7\u00e3o, as estruturas de orienta\u00e7\u00e3o educativa e administrativa do Agrupamento, a equipa de autoavalia\u00e7\u00e3o, alunos, docentes, diretores de curso, colaboradores n\u00e3o docentes, encarregados de educa\u00e7\u00e3o, entidades empregadoras, institui\u00e7\u00f5es e empresas parceiras.<\/p>\n","protected":false},"author":3,"featured_media":1506,"parent":350,"menu_order":0,"comment_status":"closed","ping_status":"closed","template":"","meta":[],"_links":{"self":[{"href":"https:\/\/avepb.pt\/cp\/wp-json\/wp\/v2\/pages\/247"}],"collection":[{"href":"https:\/\/avepb.pt\/cp\/wp-json\/wp\/v2\/pages"}],"about":[{"href":"https:\/\/avepb.pt\/cp\/wp-json\/wp\/v2\/types\/page"}],"author":[{"embeddable":true,"href":"https:\/\/avepb.pt\/cp\/wp-json\/wp\/v2\/users\/3"}],"replies":[{"embeddable":true,"href":"https:\/\/avepb.pt\/cp\/wp-json\/wp\/v2\/comments?post=247"}],"version-history":[{"count":72,"href":"https:\/\/avepb.pt\/cp\/wp-json\/wp\/v2\/pages\/247\/revisions"}],"predecessor-version":[{"id":1895,"href":"https:\/\/avepb.pt\/cp\/wp-json\/wp\/v2\/pages\/247\/revisions\/1895"}],"up":[{"embeddable":true,"href":"https:\/\/avepb.pt\/cp\/wp-json\/wp\/v2\/pages\/350"}],"wp:featuredmedia":[{"embeddable":true,"href":"https:\/\/avepb.pt\/cp\/wp-json\/wp\/v2\/media\/1506"}],"wp:attachment":[{"href":"https:\/\/avepb.pt\/cp\/wp-json\/wp\/v2\/media?parent=247"}],"curies":[{"name":"wp","href":"https:\/\/api.w.org\/{rel}","templated":true}]}}