{"id":350,"date":"2020-09-09T23:01:22","date_gmt":"2020-09-09T23:01:22","guid":{"rendered":"http:\/\/avepb.pt\/cp\/?page_id=350"},"modified":"2024-02-28T17:19:32","modified_gmt":"2024-02-28T17:19:32","slug":"garantia-da-qualidade-eqavet","status":"publish","type":"page","link":"https:\/\/avepb.pt\/cp\/garantia-da-qualidade-eqavet\/","title":{"rendered":"Garantia da Qualidade &#8211; EQAVET"},"content":{"rendered":"\n<div class=\"wp-block-image\"><figure class=\"aligncenter size-large is-resized\"><img loading=\"lazy\" src=\"https:\/\/avepb.pt\/cp\/wp-content\/uploads\/2021\/03\/selo_EQAVET-e1615998578723.png\" alt=\"\" class=\"wp-image-1506\" width=\"461\" height=\"216\"\/><\/figure><\/div>\n\n\n\n<p>O Quadro de Refer\u00eancia Europeu de Garantia de Qualidade para a Educa\u00e7\u00e3o e Forma\u00e7\u00e3o Profissional \u2013 EQAVET (European Quality Assurance in Vocational Education and Training) \u2013 \u00e9 um instrumento concebido para melhorar o Ensino e Forma\u00e7\u00e3o Profissional (EFP) no espa\u00e7o europeu e que coloca \u00e0 disposi\u00e7\u00e3o das autoridades e dos operadores de EFP (escolas) ferramentas comuns para a gest\u00e3o da qualidade, promovendo a confian\u00e7a m\u00fatua, a mobilidade de trabalhadores e de formandos e a aprendizagem ao longo da vida.<\/p>\n\n\n\n<p>No ano letivo 2019\/2020, o Agrupamento de Escolas de Ponte da Barca iniciou a implementa\u00e7\u00e3o de um sistema de qualidade alinhado com o Quadro de Refer\u00eancia EQAVET, tendo como refer\u00eancia aquela que \u00e9 a sua principal miss\u00e3o, o sucesso educativo dos seus alunos, com qualidade, e integrando os princ\u00edpios e valores enquadrados no seu Projeto Educativo.<\/p>\n\n\n\n<p>Em 29 de dezembro de 2020 foi atribu\u00eddo pela primeira vez ao Agrupamento de Escolas de Ponte da barca o Selo EQAVET, por per\u00edodo v\u00e1lido de 3 anos (m\u00e1ximo poss\u00edvel).<\/p>\n\n\n\n<p>No ano letivo 2023\/2024, ap\u00f3s auditoria novamente realizada por auditores externos, que decorreu no dia 15 de fevereiro de 2024, a certifica\u00e7\u00e3o foi renovada. Nesta auditoria foi analisado o trabalho desenvolvido nos tr\u00eas anos precedentes, que envolveu a participa\u00e7\u00e3o da Dire\u00e7\u00e3o, as estruturas de orienta\u00e7\u00e3o educativa e administrativa do Agrupamento, a equipa de autoavalia\u00e7\u00e3o, alunos, docentes, diretores de curso, colaboradores n\u00e3o docentes, encarregados de educa\u00e7\u00e3o, entidades empregadoras, institui\u00e7\u00f5es e empresas parceiras.<\/p>\n\n\n\n<p>Este selo EQAVET atribu\u00eddo reconhece e reflete a excel\u00eancia do trabalho realizado no Agrupamento de Escolas de Ponte da barca, na garantia de qualidade na educa\u00e7\u00e3o e forma\u00e7\u00e3o profissional, colocando \u00e0 disposi\u00e7\u00e3o das autoridades nacionais, europeias e dos operadores ferramentas comuns para a gest\u00e3o da qualidade, assentes numa forte articula\u00e7\u00e3o entre os diferentes stakeholders e no desenvolvimento, monitoriza\u00e7\u00e3o, avalia\u00e7\u00e3o e melhoria cont\u00ednua da efici\u00eancia da oferta.<\/p>\n\n\n\n<p>O Agrupamento acredita que esta certifica\u00e7\u00e3o ir\u00e1 contribuir para a consolida\u00e7\u00e3o dos seus processos de monitoriza\u00e7\u00e3o e avalia\u00e7\u00e3o, mas tamb\u00e9m de internacionaliza\u00e7\u00e3o, e refor\u00e7a o seu compromisso de continuar a trabalhar para garantir uma forma\u00e7\u00e3o de qualidade. O Agrupamento reconhece que a renova\u00e7\u00e3o do selo acresce responsabilidade de todos os atores educativos e acredita que ser\u00e1 capaz de melhorar, ainda mais, os processos!<\/p>\n\n\n\n<div style=\"height:35px\" aria-hidden=\"true\" class=\"wp-block-spacer\"><\/div>\n\n\n\n<h2>O que \u00e9 o EQAVET?<\/h2>\n\n\n<div align=\"center\">\n<iframe src=\"https:\/\/www.youtube.com\/embed\/8AkfGjYMYoc?&amp;hl=pt&amp;cc_lang_pref=pt&amp;cc_load_policy=1\" allow=\"accelerometer; autoplay; clipboard-write; encrypted-media; gyroscope; picture-in-picture\" allowfullscreen=\"\" frameborder=\"0\" height=\"315\" width=\"560\"><\/iframe>\n<\/div>\n\n\n\n<p class=\"has-text-align-center\">[legendas em Portugu\u00eas]<\/p>\n\n\n\n<figure class=\"wp-block-image size-large\"><a href=\"http:\/\/avepb.pt\/cp\/wp-content\/uploads\/2020\/10\/Apresentacao-EQAVET.pdf\" target=\"_blank\" rel=\"noopener noreferrer\"><img loading=\"lazy\" width=\"966\" height=\"547\" src=\"http:\/\/avepb.pt\/cp\/wp-content\/uploads\/2020\/10\/Apresentacao-EQAVET.jpg\" alt=\"\" class=\"wp-image-1131\" srcset=\"https:\/\/avepb.pt\/cp\/wp-content\/uploads\/2020\/10\/Apresentacao-EQAVET.jpg 966w, https:\/\/avepb.pt\/cp\/wp-content\/uploads\/2020\/10\/Apresentacao-EQAVET-300x170.jpg 300w, https:\/\/avepb.pt\/cp\/wp-content\/uploads\/2020\/10\/Apresentacao-EQAVET-768x435.jpg 768w, https:\/\/avepb.pt\/cp\/wp-content\/uploads\/2020\/10\/Apresentacao-EQAVET-360x204.jpg 360w\" sizes=\"(max-width: 966px) 100vw, 966px\" \/><\/a><\/figure>\n\n\n\n<div style=\"height:30px\" aria-hidden=\"true\" class=\"wp-block-spacer\"><\/div>\n\n\n\n<hr class=\"wp-block-separator is-style-wide\"\/>\n\n\n\n<div class=\"wp-block-image\"><figure class=\"aligncenter size-full\"><img loading=\"lazy\" width=\"900\" height=\"50\" src=\"http:\/\/avepb.pt\/cp\/wp-content\/uploads\/2020\/09\/rodape_eqavet.jpg\" alt=\"\" class=\"wp-image-463\" srcset=\"https:\/\/avepb.pt\/cp\/wp-content\/uploads\/2020\/09\/rodape_eqavet.jpg 900w, https:\/\/avepb.pt\/cp\/wp-content\/uploads\/2020\/09\/rodape_eqavet-300x17.jpg 300w, https:\/\/avepb.pt\/cp\/wp-content\/uploads\/2020\/09\/rodape_eqavet-768x43.jpg 768w, https:\/\/avepb.pt\/cp\/wp-content\/uploads\/2020\/09\/rodape_eqavet-360x20.jpg 360w\" sizes=\"(max-width: 900px) 100vw, 900px\" \/><\/figure><\/div>\n","protected":false},"excerpt":{"rendered":"<p>O Quadro de Refer\u00eancia Europeu de Garantia de Qualidade para a Educa\u00e7\u00e3o e Forma\u00e7\u00e3o Profissional \u2013 EQAVET (European Quality Assurance in Vocational Education and Training) \u2013 \u00e9 um instrumento concebido para melhorar o Ensino e Forma\u00e7\u00e3o Profissional (EFP) no espa\u00e7o <a href=\"https:\/\/avepb.pt\/cp\/garantia-da-qualidade-eqavet\/\" class=\"read-more\">Ler mais &#8230;<\/a><\/p>\n","protected":false},"author":3,"featured_media":1747,"parent":0,"menu_order":0,"comment_status":"closed","ping_status":"closed","template":"","meta":[],"_links":{"self":[{"href":"https:\/\/avepb.pt\/cp\/wp-json\/wp\/v2\/pages\/350"}],"collection":[{"href":"https:\/\/avepb.pt\/cp\/wp-json\/wp\/v2\/pages"}],"about":[{"href":"https:\/\/avepb.pt\/cp\/wp-json\/wp\/v2\/types\/page"}],"author":[{"embeddable":true,"href":"https:\/\/avepb.pt\/cp\/wp-json\/wp\/v2\/users\/3"}],"replies":[{"embeddable":true,"href":"https:\/\/avepb.pt\/cp\/wp-json\/wp\/v2\/comments?post=350"}],"version-history":[{"count":76,"href":"https:\/\/avepb.pt\/cp\/wp-json\/wp\/v2\/pages\/350\/revisions"}],"predecessor-version":[{"id":1888,"href":"https:\/\/avepb.pt\/cp\/wp-json\/wp\/v2\/pages\/350\/revisions\/1888"}],"wp:featuredmedia":[{"embeddable":true,"href":"https:\/\/avepb.pt\/cp\/wp-json\/wp\/v2\/media\/1747"}],"wp:attachment":[{"href":"https:\/\/avepb.pt\/cp\/wp-json\/wp\/v2\/media?parent=350"}],"curies":[{"name":"wp","href":"https:\/\/api.w.org\/{rel}","templated":true}]}}