{"id":940,"date":"2020-10-12T21:46:24","date_gmt":"2020-10-12T21:46:24","guid":{"rendered":"http:\/\/avepb.pt\/cp\/?page_id=940"},"modified":"2020-10-12T21:53:44","modified_gmt":"2020-10-12T21:53:44","slug":"politica-de-cookies","status":"publish","type":"page","link":"https:\/\/avepb.pt\/cp\/politica-de-cookies\/","title":{"rendered":"Pol\u00edtica de Cookies"},"content":{"rendered":"\n<p>No cumprimento da Lei 46\/2012 de 29 de Agosto, vimos informar o seguinte:<\/p>\n\n\n\n<p><strong>Uso de Cookies<br><\/strong>Este s\u00edtio n\u00e3o utiliza cookies e n\u00e3o partilhamos dados nem t\u00e3o pouco os vendemos.<\/p>\n\n\n\n<p><strong>O que s\u00e3o Cookies e para que servem?<br><\/strong>Os cookies s\u00e3o pequenos ficheiros de texto gravados no seu equipamento quando acede aos sites. Estes permitem o armazenamento de um conjunto de informa\u00e7\u00f5es relacionadas com o utilizador e que podem ser usadas para reconhecer o utilizador em futuras visitas ao site e tamb\u00e9m para garantir as funcionalidades disponibilizadas e melhorar o desempenho e a experi\u00eancia do utilizador no site.<\/p>\n","protected":false},"excerpt":{"rendered":"<p>Este s\u00edtio n\u00e3o utiliza cookies e n\u00e3o partilhamos dados nem t\u00e3o pouco os vendemos.<\/p>\n","protected":false},"author":3,"featured_media":0,"parent":0,"menu_order":0,"comment_status":"closed","ping_status":"closed","template":"","meta":[],"_links":{"self":[{"href":"https:\/\/avepb.pt\/cp\/wp-json\/wp\/v2\/pages\/940"}],"collection":[{"href":"https:\/\/avepb.pt\/cp\/wp-json\/wp\/v2\/pages"}],"about":[{"href":"https:\/\/avepb.pt\/cp\/wp-json\/wp\/v2\/types\/page"}],"author":[{"embeddable":true,"href":"https:\/\/avepb.pt\/cp\/wp-json\/wp\/v2\/users\/3"}],"replies":[{"embeddable":true,"href":"https:\/\/avepb.pt\/cp\/wp-json\/wp\/v2\/comments?post=940"}],"version-history":[{"count":1,"href":"https:\/\/avepb.pt\/cp\/wp-json\/wp\/v2\/pages\/940\/revisions"}],"predecessor-version":[{"id":941,"href":"https:\/\/avepb.pt\/cp\/wp-json\/wp\/v2\/pages\/940\/revisions\/941"}],"wp:attachment":[{"href":"https:\/\/avepb.pt\/cp\/wp-json\/wp\/v2\/media?parent=940"}],"curies":[{"name":"wp","href":"https:\/\/api.w.org\/{rel}","templated":true}]}}